{"id":84,"date":"2025-03-18T12:29:45","date_gmt":"2025-03-18T12:29:45","guid":{"rendered":"https:\/\/elementor.test-wp.keepgo.com\/index.php\/terms-and-conditions\/"},"modified":"2025-05-23T09:01:29","modified_gmt":"2025-05-23T09:01:29","slug":"terms-and-conditions","status":"publish","type":"page","link":"https:\/\/trustesimclub.com\/es\/terms-and-conditions\/","title":{"rendered":"T\u00e9rminos y condiciones"},"content":{"rendered":"<div data-elementor-type=\"wp-page\" data-elementor-id=\"84\" class=\"elementor elementor-84\" data-elementor-post-type=\"page\">\n\t\t\t\t<div class=\"elementor-element elementor-element-2374a4ad e-flex e-con-boxed e-con e-parent\" data-id=\"2374a4ad\" data-element_type=\"container\">\n\t\t\t\t\t<div class=\"e-con-inner\">\n\t\t\t\t<div class=\"elementor-element elementor-element-191ac5b6 elementor-widget elementor-widget-heading\" data-id=\"191ac5b6\" data-element_type=\"widget\" data-widget_type=\"heading.default\">\n\t\t\t\t<div class=\"elementor-widget-container\">\n\t\t\t\t\t<h2 class=\"elementor-heading-title elementor-size-default\">T\u00e9rminos y condiciones<\/h2>\t\t\t\t<\/div>\n\t\t\t\t<\/div>\n\t\t\t\t<div class=\"elementor-element elementor-element-76f76635 elementor-widget elementor-widget-text-editor\" data-id=\"76f76635\" data-element_type=\"widget\" data-widget_type=\"text-editor.default\">\n\t\t\t\t<div class=\"elementor-widget-container\">\n\t\t\t\t\t\t\t\t\t<p><b>1. VALIDEZ DE LOS T\u00c9RMINOS Y CONDICIONES GENERALES<\/b><\/p><p><b>1.1. Condiciones<\/b><\/p><p>1.1.1. El sitio web del Club TrusteSIM es administrado y operado por esimba.ai, y los servicios de conectividad son proporcionados por la misma entidad.<\/p><p>1.1.2. Estos t\u00e9rminos y condiciones, con sus modificaciones peri\u00f3dicas, se aplicar\u00e1n a todos los servicios prestados por TrusteSIM Club en relaci\u00f3n con el suministro de perfiles eSIM prepago a los Clientes.<br \/>Al acceder, navegar y utilizar nuestro sitio web o cualquiera de nuestras aplicaciones a trav\u00e9s de cualquier plataforma (en adelante denominados colectivamente el &quot;sitio web&quot;) y\/o al completar un pedido, usted reconoce y acepta haber le\u00eddo, entendido y aceptado los t\u00e9rminos y condiciones establecidos a continuaci\u00f3n y la declaraci\u00f3n de privacidad.<\/p><p>1.1.3. Las ofertas especiales de diversos socios comerciales pueden incluir t\u00e9rminos y condiciones adicionales o modificados. En tales circunstancias, prevalecer\u00e1n dichos t\u00e9rminos y condiciones especiales.<\/p><p><b>1.2. Registro y Cuentas<\/b><\/p><p>1.2.1. Es posible que se le solicite al Cliente crear una cuenta para utilizar los servicios del Club TrusteSIM. El Cliente se compromete a proporcionar informaci\u00f3n precisa durante el registro.<\/p><p>1.2.2. Los clientes son responsables de mantener la confidencialidad de la informaci\u00f3n de su cuenta y de todas las actividades que ocurran en su cuenta.<\/p><p><b>1.3. Privacidad<\/b><\/p><p>1.3.1. Nuestra Pol\u00edtica de Privacidad rige la recopilaci\u00f3n y el uso de la informaci\u00f3n personal del Cliente. Al utilizar nuestros servicios, el Cliente acepta nuestra Pol\u00edtica de Privacidad.<\/p><p><b>1.4. Terminaci\u00f3n y suspensi\u00f3n<\/b><\/p><p>1.4.1. TrusteSIM Club se reserva el derecho de suspender o cancelar el acceso a los servicios sin previo aviso en cualquier momento debido a un fallo de la red o la interrupci\u00f3n del mantenimiento.<\/p><p>1.4.2. Al utilizar los Servicios del Club TrusteSIM, el Cliente no deber\u00e1 realizar ninguna acci\u00f3n abusiva, ilegal o fraudulenta, ni realizar ninguna acci\u00f3n que pueda perjudicar o da\u00f1ar la Red. Si el Cliente incumple esta obligaci\u00f3n, Sky eSim podr\u00e1 suspender el uso del Servicio.<\/p><p>1.4.3. Todos los paquetes ofrecidos por TrusteSIM Club est\u00e1n destinados exclusivamente a clientes humanos. Estos paquetes no deben utilizarse en sistemas automatizados. En caso de que se solicite su uso en sistemas automatizados o por entidades no humanas, el Cliente deber\u00e1 contactar con Atenci\u00f3n al Cliente y solicitar paquetes especiales. Cualquier incumplimiento de esta restricci\u00f3n de uso podr\u00e1 conllevar la rescisi\u00f3n del contrato.<\/p><p><b>1.5. Pol\u00edticas y directrices de reembolso y cancelaci\u00f3n<\/b><\/p><p>1.5.1. Los reembolsos est\u00e1n disponibles para los clientes en cualquier momento. La mayor\u00eda de los problemas se pueden resolver por correo electr\u00f3nico.<\/p><p>1.5.2. Una vez procesado el reembolso, este puede tardar entre 5 y 10 d\u00edas h\u00e1biles en aparecer en el extracto de la tarjeta de pago del Cliente (si el pago se realiz\u00f3 con tarjeta de cr\u00e9dito). Con PayPal, el reembolso tarda varios minutos. Los reembolsos se emiten al mismo m\u00e9todo de pago (es decir, tarjeta de cr\u00e9dito o PayPal) utilizado para realizar la compra.<\/p><p>1.5.3. Todos los reembolsos (excepto los pagos con criptomonedas) est\u00e1n sujetos a una tarifa 10% debido a los cargos de la tarjeta de cr\u00e9dito y otros sistemas de pago, as\u00ed como a los recursos de procesamiento necesarios para proporcionar un producto, cancelarlo y emitir un reembolso.<\/p><p>1.5.4. Sky eSim podr\u00e1 ofrecer datos por una cantidad igual a la que el Cliente pag\u00f3 por cualquier compra accidental.<\/p><p>1.5.5. Las recargas no son reembolsables.<\/p><p>1.5.6. Sky eSim se reserva el derecho de cancelar los servicios en cualquier momento. En tales casos, no se realizar\u00e1n reembolsos.<\/p><p>1.5.7. Los pagos en criptomonedas no son reembolsables.<\/p><p>1.5.8. Redes compatibles con pagos de criptomonedas: Ethereum, Tron, BNB Smart Chain, Avalanche C-Chain, Solana, Polygon, Arbitrum One.<\/p><p>1.5.9. Criptomonedas compatibles: USDT (TRC20), BTC, DAI, AXS (ERC20), DASH, DOGE, ETH, LTC, TUSD (ERC20), USDC (ERC20), USDT (ERC20), XRP, TRX, AXS (TRC20), HT (TRC20), ETH (TRC20), ETH (BEP20), DAI (BEP20), USDT (BEP20), DESU (BEP20), ADA (BEP20), USDC (BEP20), BTCB (BEP20) y CSC. Tenga en cuenta que existe un l\u00edmite m\u00ednimo de pago para cada criptomoneda.<\/p><p><b>2. PROGRAMA DE AFILIADOS<\/b><\/p><p>2.1. Al unirse al Programa de Afiliados del Club TrusteSIM, el Socio Afiliado recomendar\u00e1 a sus usuarios los productos del Club TrusteSIM a trav\u00e9s de su enlace de afiliado exclusivo.<\/p><p>2.2. El enlace de afiliado \u00fanico debe utilizarse para realizar el seguimiento de las ventas y asignar las comisiones correspondientes.<\/p><p>2.3. El Socio Afiliado recibir\u00e1 una comisi\u00f3n de los ingresos netos generados por las compras realizadas a trav\u00e9s de su enlace de afiliado. Los socios deben acumular un m\u00ednimo de 25 USD en comisiones antes de que se realice el pago. Si el saldo de la comisi\u00f3n es inferior a 25 USD, el importe se transferir\u00e1 al mes siguiente.<\/p><p>2.4. Las comisiones se pagan durante la primera semana de cada mes mediante transferencia bancaria, billetera criptogr\u00e1fica, enlace de tarjeta de cr\u00e9dito o Paypal.<\/p><p>2.5. Los usuarios que adquieran o recarguen productos eSIM recibir\u00e1n un descuento al finalizar la compra.<\/p><p>2.6. Sky eSim se reserva el derecho de modificar los t\u00e9rminos y condiciones del Programa de Afiliados en cualquier momento. Dichas modificaciones se comunicar\u00e1n por escrito al Socio Afiliado al menos cinco d\u00edas antes de su implementaci\u00f3n.<\/p><p>2.7. Sky eSim se reserva el derecho de rescindir la participaci\u00f3n del Socio Afiliado en el Programa de Afiliados bajo las siguientes condiciones:<br \/>\u2013 Si el Socio Afiliado incumple cualquier t\u00e9rmino de este Acuerdo.<br \/>\u2013 Si el Socio Afiliado participa en cualquier actividad que sea perjudicial para la marca o el negocio de TrusteSIM Club.<\/p><p>2.8. Para comenzar a participar en el Programa de Afiliados del Club TrusteSIM, el Socio Afiliado debe aceptar la invitaci\u00f3n a trav\u00e9s del Portal de Afiliados.<\/p><p>2.9. El Socio Afiliado recibir\u00e1 una notificaci\u00f3n por correo electr\u00f3nico de TrusteSIM Club tras la primera compra de producto realizada a trav\u00e9s de su enlace de afiliado.<\/p><p>2.10. El Socio Afiliado puede realizar un seguimiento de sus comisiones en cualquier momento mediante los informes diarios en l\u00ednea que ofrece TrusteSIM Club.<\/p><p>2.11. TrusteSIM Club proporciona acceso a una API para que la utilice el socio afiliado.<\/p><p>2.12. El Socio Afiliado se compromete a utilizar las herramientas y recursos proporcionados de conformidad con las directrices y pol\u00edticas de Sky eSim. El uso indebido o no autorizado de la Barra de Herramientas de Afiliados, los informes o la API podr\u00e1 resultar en la rescisi\u00f3n del contrato de afiliaci\u00f3n.<\/p><p>2.13. TrusteSIM Club brindar\u00e1 el soporte t\u00e9cnico y la asistencia necesarios para ayudar al Socio Afiliado a utilizar eficazmente la Barra de Herramientas de Afiliados, acceder a los informes e integrar la API.<\/p><p><b>3. PROGRAMA DE REFERENCIAS<\/b><\/p><p>3.1. Al participar en el Programa de Referencia del Club TrusteSIM, el Socio (en adelante, el \u00abPromotor\u00bb) puede obtener datos gratuitos por cada persona que compre su primer producto del Club TrusteSIM a trav\u00e9s de su enlace de referencia exclusivo.<\/p><p>3.2. El Promotor debe crear y compartir su enlace de referencia \u00fanico por correo electr\u00f3nico, redes sociales, foros u otros canales. El amigo recomendado debe usar el enlace de referencia para comprar.<br \/>Tarjeta SIM electr\u00f3nica.<\/p><p>3.3. Recompensas para los defensores:<br \/>a. Cup\u00f3n de Datos Gratis: El Defensor recibir\u00e1 un cup\u00f3n de 1 GB de datos gratis, v\u00e1lido de por vida*, aplicable a su l\u00ednea eSIM.<br \/>b. Condiciones: La recompensa de 1 GB de datos se proporciona cuando un amigo referido usa el enlace de referencia para comprar eSIM**.<br \/>c. Validez del cup\u00f3n: El cup\u00f3n de datos es v\u00e1lido de por vida, siempre que se recargue la eSIM al menos una vez al a\u00f1o.<\/p><p>3.4. Recompensas para amigos recomendados:<br \/>a. Cup\u00f3n de Datos: El amigo referido recibir\u00e1 un cup\u00f3n de 1 GB de datos gratis para su eSIM.<br \/>b. Restricciones del cup\u00f3n: El cup\u00f3n de recomendaci\u00f3n no se puede combinar con otros cupones o descuentos. Solo se puede aplicar un cup\u00f3n (de recomendaci\u00f3n o de activaci\u00f3n) a una compra.<\/p><p>3.5. Condiciones para la Recompensa por Referido:<br \/>a. Compra m\u00ednima: El amigo referido deber\u00e1 comprar una nueva l\u00ednea con al menos 1 GB de datos utilizando el enlace de referencia.<br \/>b. Emisi\u00f3n de la recompensa: La recompensa se generar\u00e1 en un plazo de 6 horas tras la compra y se enviar\u00e1 por correo electr\u00f3nico en un plazo de 7 d\u00edas. El promotor debe revisar su bandeja de entrada con la palabra clave &quot;TrusteSIM Club&quot; si...<br \/>No reciben el correo de notificaci\u00f3n.<\/p><p>3.6. Para cualquier problema o asistencia adicional, el Defensor y el amigo recomendado pueden contactar con el soporte del Club TrusteSIM.<\/p><p>3.7. El Promotor se compromete a cumplir con los t\u00e9rminos y condiciones del Programa de Referidos del Club TrusteSIM. El uso indebido o la violaci\u00f3n de estos t\u00e9rminos podr\u00e1n resultar en la descalificaci\u00f3n del programa y la p\u00e9rdida de las recompensas.<\/p><p>3.8. El Club TrusteSIM se reserva el derecho de modificar los t\u00e9rminos y condiciones del Programa de Referidos en cualquier momento. Dichas modificaciones se comunicar\u00e1n por escrito al Promotor con al menos 5 d\u00edas de antelaci\u00f3n a su implementaci\u00f3n.<\/p><p><b>4. DESCARGO DE RESPONSABILIDAD<\/b><\/p><p>4.1. Los materiales del sitio web de TrusteSIM Club se proporcionan &quot;tal cual&quot;. TrusteSIM Club no ofrece garant\u00edas, expresas ni impl\u00edcitas, y por la presente renuncia y niega cualquier otra garant\u00eda, incluyendo, entre otras, las garant\u00edas o condiciones impl\u00edcitas de comerciabilidad, idoneidad para un fin espec\u00edfico o no infracci\u00f3n de la propiedad intelectual u otras violaciones de derechos. Asimismo, TrusteSIM Club no garantiza ni realiza ninguna declaraci\u00f3n sobre la exactitud, los resultados probables ni la fiabilidad del uso de los materiales de su sitio web, ni de ning\u00fan otro modo relacionado con dichos materiales ni con los de cualquier sitio enlazado a este.<\/p><p>4.2. El Club TrusteSIM podr\u00e1 cambiar los operadores de red de cada pa\u00eds sin previo aviso.<\/p><p><b>5. LIMITACIONES<\/b><\/p><p>5.1. En ning\u00fan caso TrusteSIM Club ni sus proveedores ser\u00e1n responsables de ning\u00fan da\u00f1o (incluyendo, sin limitaci\u00f3n, da\u00f1os por p\u00e9rdida de datos o beneficios, o por interrupci\u00f3n del negocio) que surja del uso o la imposibilidad de usar los materiales del sitio web de TrusteSIM Club, incluso si TrusteSIM Club ha sido notificado oralmente o por escrito de la posibilidad de dicho da\u00f1o.<\/p><p><b>6. REVISIONES Y ERRATAS<\/b><\/p><p>6.1. Los materiales que aparecen en el sitio web de TrusteSIM Club podr\u00edan contener errores t\u00e9cnicos, tipogr\u00e1ficos o fotogr\u00e1ficos. TrusteSIM Club no garantiza la exactitud, integridad ni actualidad de los materiales de su sitio web. TrusteSIM Club podr\u00e1 modificar los materiales de su sitio web en cualquier momento sin previo aviso. Sin embargo, TrusteSIM Club no se compromete a actualizarlos.<\/p><p><b>7. ENLACES<\/b><\/p><p>7.1. TrusteSIM Club no ha revisado todos los sitios web enlazados a su sitio web y no se responsabiliza del contenido de dichos sitios. La inclusi\u00f3n de un enlace no implica la aprobaci\u00f3n del sitio por parte de TrusteSIM Club. El uso de dichos sitios web enlazados es bajo la propia responsabilidad del usuario.<\/p><p><b>8. LEY APLICABLE Y JURISDICCI\u00d3N<\/b><\/p><p>8.1. Estos T\u00e9rminos se interpretar\u00e1n de conformidad con las leyes del Estado de Delaware, EE. UU. En caso de que las Partes no logren resolver las disputas amistosamente mediante negociaciones, dichas disputas se resolver\u00e1n definitivamente mediante arbitraje en el Estado de Delaware, EE. UU., de conformidad con el Reglamento de Arbitraje del Instituto de Arbitraje de la C\u00e1mara de Comercio de Estocolmo.<\/p><p><b>9. MODIFICACIONES DE LOS T\u00c9RMINOS DE USO DEL SITIO<\/b><\/p><p>9.1. TrusteSIM Club podr\u00e1 revisar estas condiciones de uso de su sitio web en cualquier momento sin previo aviso. Al utilizar este sitio web, usted acepta la versi\u00f3n vigente de estas Condiciones de Uso.<\/p><p>\u00daltima actualizaci\u00f3n: 22\/05\/2025<\/p>\t\t\t\t\t\t\t\t<\/div>\n\t\t\t\t<\/div>\n\t\t\t\t\t<\/div>\n\t\t\t\t<\/div>\n\t\t\t\t<\/div>","protected":false},"excerpt":{"rendered":"<p>Terms and conditions 1. VALIDITY OF GENERAL TERMS AND CONDITIONS 1.1. Terms 1.1.1. The TrusteSIM Club website is managed and operated by esimba.ai, with connectivity services being supplied by the same entity. 1.1.2. These terms and conditions, as may be amended from time to time, shall apply to all services rendered by TrusteSIM Club in [&hellip;]<\/p>","protected":false},"author":1,"featured_media":0,"parent":0,"menu_order":0,"comment_status":"closed","ping_status":"closed","template":"","meta":{"om_disable_all_campaigns":false,"_monsterinsights_skip_tracking":false,"_monsterinsights_sitenote_active":false,"_monsterinsights_sitenote_note":"","_monsterinsights_sitenote_category":0,"footnotes":""},"class_list":["post-84","page","type-page","status-publish","hentry"],"aioseo_notices":[],"_links":{"self":[{"href":"https:\/\/trustesimclub.com\/es\/wp-json\/wp\/v2\/pages\/84","targetHints":{"allow":["GET"]}}],"collection":[{"href":"https:\/\/trustesimclub.com\/es\/wp-json\/wp\/v2\/pages"}],"about":[{"href":"https:\/\/trustesimclub.com\/es\/wp-json\/wp\/v2\/types\/page"}],"author":[{"embeddable":true,"href":"https:\/\/trustesimclub.com\/es\/wp-json\/wp\/v2\/users\/1"}],"replies":[{"embeddable":true,"href":"https:\/\/trustesimclub.com\/es\/wp-json\/wp\/v2\/comments?post=84"}],"version-history":[{"count":16,"href":"https:\/\/trustesimclub.com\/es\/wp-json\/wp\/v2\/pages\/84\/revisions"}],"predecessor-version":[{"id":650,"href":"https:\/\/trustesimclub.com\/es\/wp-json\/wp\/v2\/pages\/84\/revisions\/650"}],"wp:attachment":[{"href":"https:\/\/trustesimclub.com\/es\/wp-json\/wp\/v2\/media?parent=84"}],"curies":[{"name":"wp","href":"https:\/\/api.w.org\/{rel}","templated":true}]}}