{"id":87,"date":"2025-03-18T12:29:45","date_gmt":"2025-03-18T12:29:45","guid":{"rendered":"https:\/\/elementor.test-wp.keepgo.com\/index.php\/privacy-policy-2\/"},"modified":"2025-05-23T09:31:10","modified_gmt":"2025-05-23T09:31:10","slug":"privacy-policy-2","status":"publish","type":"page","link":"https:\/\/trustesimclub.com\/es\/privacy-policy-2\/","title":{"rendered":"pol\u00edtica de privacidad"},"content":{"rendered":"<div data-elementor-type=\"wp-page\" data-elementor-id=\"87\" class=\"elementor elementor-87\" data-elementor-post-type=\"page\">\n\t\t\t\t<div class=\"elementor-element elementor-element-77a0037f e-flex e-con-boxed e-con e-parent\" data-id=\"77a0037f\" data-element_type=\"container\">\n\t\t\t\t\t<div class=\"e-con-inner\">\n\t\t\t\t<div class=\"elementor-element elementor-element-2991adfe elementor-widget elementor-widget-heading\" data-id=\"2991adfe\" data-element_type=\"widget\" data-widget_type=\"heading.default\">\n\t\t\t\t<div class=\"elementor-widget-container\">\n\t\t\t\t\t<h2 class=\"elementor-heading-title elementor-size-default\">pol\u00edtica de privacidad\n<\/h2>\t\t\t\t<\/div>\n\t\t\t\t<\/div>\n\t\t\t\t<div class=\"elementor-element elementor-element-59249d87 elementor-widget elementor-widget-text-editor\" data-id=\"59249d87\" data-element_type=\"widget\" data-widget_type=\"text-editor.default\">\n\t\t\t\t<div class=\"elementor-widget-container\">\n\t\t\t\t\t\t\t\t\t<p>Esta Pol\u00edtica de privacidad describe c\u00f3mo recopilamos, usamos y protegemos la informaci\u00f3n personal que usted proporciona cuando utiliza nuestro sitio web.<\/p><p><b>1. Informaci\u00f3n que recopilamos <\/b>Podemos recopilar los siguientes tipos de informaci\u00f3n personal suya:<\/p><ul><li><i>Informaci\u00f3n de identificaci\u00f3n personal:<\/i> Esto puede incluir su nombre y direcci\u00f3n de correo electr\u00f3nico cuando crea una cuenta o se suscribe a nuestro bolet\u00edn.<\/li><li style=\"font-weight: 400;\" aria-level=\"1\"><i>Informaci\u00f3n del instrumento de pago:<\/i> Todas las transacciones de pago se procesan a trav\u00e9s de un proveedor de pasarela y no se almacenan ni procesan en nuestra<br \/>servidores.<\/li><li style=\"font-weight: 400;\" aria-level=\"1\"><i>Informaci\u00f3n sensible:<\/i> No procesamos informaci\u00f3n sensible. <b><\/b><\/li><\/ul><p><b>2. \u00bfCu\u00e1ndo recopilamos su informaci\u00f3n? <\/b>Recopilamos informaci\u00f3n suya cuando se registra en nuestro sitio, realiza un pedido, se suscribe a un bolet\u00edn informativo, completa un formulario o ingresa informaci\u00f3n en nuestro sitio.<\/p><p><b>3. \u00bfC\u00f3mo utilizamos su informaci\u00f3n? <\/b>Podemos utilizar su informaci\u00f3n personal para los siguientes fines:<\/p><ul><li>Para proporcionar y mantener nuestros servicios.<\/li><li style=\"font-weight: 400;\" aria-level=\"1\">Para procesar sus pedidos y pagos.<\/li><li style=\"font-weight: 400;\" aria-level=\"1\">Para enviarle actualizaciones, boletines y comunicaciones de marketing.<\/li><\/ul><p><b>4. Divulgaci\u00f3n de su informaci\u00f3n <\/b>Nos reservamos el derecho de divulgar su informaci\u00f3n personal a terceros en las siguientes circunstancias:<\/p><ul><li style=\"font-weight: 400;\" aria-level=\"1\">Con proveedores de servicios que nos ayudan con el funcionamiento del sitio web, el procesamiento de pagos o el marketing.<\/li><li style=\"font-weight: 400;\" aria-level=\"1\">En cumplimiento con las obligaciones legales aplicables o con el prop\u00f3sito de proteger nuestros derechos, privacidad, seguridad o activos.<\/li><\/ul><p><b>5. Cumplimiento del Reglamento General de Protecci\u00f3n de Datos (RGPD) europeo <\/b><\/p><ul><li>Derecho de acceso. Tiene derecho a solicitar al Club TrusteSIM copias de sus datos personales.<\/li><li>Derecho de supresi\u00f3n. Tiene derecho a solicitar que TrusteSIM Club suprima sus datos personales, bajo ciertas condiciones.<\/li><li>Derecho a restringir el tratamiento. Tiene derecho a solicitar que TrusteSIM Club restrinja el tratamiento de sus datos personales, bajo ciertas condiciones.<\/li><li>Derecho a oponerse al tratamiento. Tiene derecho a oponerse al tratamiento de sus datos personales por parte del Club TrusteSIM, bajo ciertas condiciones.<\/li><li>Si desea ejercer alguno de estos derechos, cont\u00e1ctenos por correo electr\u00f3nico.<\/li><\/ul><p><b>6. Cumplimiento de la Ley de Protecci\u00f3n de la Privacidad en L\u00ednea de California<\/b><\/p><p><b> <\/b> CalOPPA es la primera ley estatal del pa\u00eds que exige que los sitios web comerciales y los servicios en l\u00ednea publiquen una pol\u00edtica de privacidad. El alcance de la ley trasciende California y exige que cualquier persona o empresa en Estados Unidos (y posiblemente en todo el mundo) que opere sitios web que recopilen informaci\u00f3n personal identificable de los consumidores de California publique una pol\u00edtica de privacidad visible en su sitio web que indique exactamente la informaci\u00f3n que se recopila y con qui\u00e9n se comparte, y que cumpla con esta pol\u00edtica. \u2013 M\u00e1s informaci\u00f3n en:<br \/><a href=\"http:\/\/consumercal.org\/california-online-privacy-protection-act-caloppa\/#sthash.0FdRbT51.dpuf\" target=\"_blank\" rel=\"noopener\">http:\/\/consumercal.org\/california-online-privacy-protection-act-caloppa\/#sthash.0FdRbT51.dpuf<\/a><br \/><i>De acuerdo con CalOPPA aceptamos lo siguiente:<\/i><\/p><ul><li>Los usuarios pueden visitar nuestro sitio de forma an\u00f3nima.<\/li><li>Los usuarios ser\u00e1n notificados de cualquier cambio en la pol\u00edtica de privacidad en nuestra P\u00e1gina de Pol\u00edtica de Privacidad.<\/li><li>Los usuarios pueden cambiar su informaci\u00f3n personal:<ul><li>envi\u00e1ndonos un correo electr\u00f3nico;<\/li><li>chateando con nuestros representantes de servicio al cliente.<\/li><\/ul><\/li><\/ul><p><b>7. Tus opciones <\/b><\/p><p>Puede optar por no recibir nuestras comunicaciones de marketing siguiendo las instrucciones para cancelar la suscripci\u00f3n que encontrar\u00e1 en nuestros correos electr\u00f3nicos. Puede acceder y actualizar su informaci\u00f3n personal iniciando sesi\u00f3n en su cuenta.<\/p><p><b>8. Seguridad de los datos <\/b><\/p><p>Sky eSim toma medidas razonables para proteger su informaci\u00f3n personal contra accesos, divulgaciones o alteraciones no autorizados. Sin embargo, a pesar de nuestras medidas de seguridad y esfuerzos para proteger su informaci\u00f3n, ninguna transmisi\u00f3n electr\u00f3nica por internet ni tecnolog\u00eda de almacenamiento de informaci\u00f3n puede garantizarse como completamente segura. Por lo tanto, no podemos prometer ni garantizar que hackers, ciberdelincuentes u otros terceros no autorizados no puedan vulnerar nuestra seguridad y recopilar, acceder, robar o modificar su informaci\u00f3n indebidamente. Si bien nos esforzamos por proteger su informaci\u00f3n personal, la transferencia de informaci\u00f3n personal hacia y desde nuestros Servicios es bajo su propio riesgo.<\/p><p><b>9. Cookies y tecnolog\u00edas de seguimiento <\/b><\/p><p>Utilizamos cookies y tecnolog\u00edas de seguimiento similares para recopilar datos sobre su uso de nuestro sitio web. Puede configurar su navegador para rechazar las cookies.<\/p><p><b>10. Privacidad de los ni\u00f1os <\/b><\/p><p>Nuestro sitio web no est\u00e1 destinado a personas menores de 18 a\u00f1os. No recopilamos intencionalmente informaci\u00f3n personal de ni\u00f1os menores de 18 a\u00f1os. Al utilizar nuestros servicios, usted declara que tiene al menos 18 a\u00f1os o que es el padre o tutor de dicho ni\u00f1o o menor.<br \/><b><\/b><\/p><p><b>11. Cambios a esta Pol\u00edtica de Privacidad <\/b><\/p><p>Podemos actualizar esta Pol\u00edtica de Privacidad ocasionalmente. Cualquier cambio se publicar\u00e1 en esta p\u00e1gina. Si realizamos cambios sustanciales a este aviso de privacidad, podremos notificarle mediante un aviso visible o envi\u00e1ndole directamente una notificaci\u00f3n. Le recomendamos que revise esta pol\u00edtica de privacidad con frecuencia para estar informado sobre c\u00f3mo protegemos su informaci\u00f3n.<\/p><p><b>12. Cont\u00e1ctenos <\/b><\/p><p>Si tiene alguna pregunta sobre esta Pol\u00edtica de privacidad, cont\u00e1ctenos por correo electr\u00f3nico.<\/p><p>\u00daltima modificaci\u00f3n: 13.05.2025<\/p>\t\t\t\t\t\t\t\t<\/div>\n\t\t\t\t<\/div>\n\t\t\t\t\t<\/div>\n\t\t\t\t<\/div>\n\t\t\t\t<\/div>","protected":false},"excerpt":{"rendered":"<p>Privacy Policy This Privacy Policy outlines how we collect, use, and protect the personal information provided by you when using our website. 1. Information We Collect We may collect the following types of personal information from you: Personal Identification Information: This may include your name and email address when you create an account or subscribe [&hellip;]<\/p>","protected":false},"author":1,"featured_media":0,"parent":0,"menu_order":0,"comment_status":"closed","ping_status":"closed","template":"","meta":{"om_disable_all_campaigns":false,"_monsterinsights_skip_tracking":false,"_monsterinsights_sitenote_active":false,"_monsterinsights_sitenote_note":"","_monsterinsights_sitenote_category":0,"footnotes":""},"class_list":["post-87","page","type-page","status-publish","hentry"],"aioseo_notices":[],"_links":{"self":[{"href":"https:\/\/trustesimclub.com\/es\/wp-json\/wp\/v2\/pages\/87","targetHints":{"allow":["GET"]}}],"collection":[{"href":"https:\/\/trustesimclub.com\/es\/wp-json\/wp\/v2\/pages"}],"about":[{"href":"https:\/\/trustesimclub.com\/es\/wp-json\/wp\/v2\/types\/page"}],"author":[{"embeddable":true,"href":"https:\/\/trustesimclub.com\/es\/wp-json\/wp\/v2\/users\/1"}],"replies":[{"embeddable":true,"href":"https:\/\/trustesimclub.com\/es\/wp-json\/wp\/v2\/comments?post=87"}],"version-history":[{"count":16,"href":"https:\/\/trustesimclub.com\/es\/wp-json\/wp\/v2\/pages\/87\/revisions"}],"predecessor-version":[{"id":653,"href":"https:\/\/trustesimclub.com\/es\/wp-json\/wp\/v2\/pages\/87\/revisions\/653"}],"wp:attachment":[{"href":"https:\/\/trustesimclub.com\/es\/wp-json\/wp\/v2\/media?parent=87"}],"curies":[{"name":"wp","href":"https:\/\/api.w.org\/{rel}","templated":true}]}}