{"id":84,"date":"2025-03-18T12:29:45","date_gmt":"2025-03-18T12:29:45","guid":{"rendered":"https:\/\/elementor.test-wp.keepgo.com\/index.php\/terms-and-conditions\/"},"modified":"2025-05-23T09:01:29","modified_gmt":"2025-05-23T09:01:29","slug":"terms-and-conditions","status":"publish","type":"page","link":"https:\/\/trustesimclub.com\/tr\/terms-and-conditions\/","title":{"rendered":"\u015eartlar ve ko\u015fullar"},"content":{"rendered":"<div data-elementor-type=\"wp-page\" data-elementor-id=\"84\" class=\"elementor elementor-84\" data-elementor-post-type=\"page\">\n\t\t\t\t<div class=\"elementor-element elementor-element-2374a4ad e-flex e-con-boxed e-con e-parent\" data-id=\"2374a4ad\" data-element_type=\"container\">\n\t\t\t\t\t<div class=\"e-con-inner\">\n\t\t\t\t<div class=\"elementor-element elementor-element-191ac5b6 elementor-widget elementor-widget-heading\" data-id=\"191ac5b6\" data-element_type=\"widget\" data-widget_type=\"heading.default\">\n\t\t\t\t<div class=\"elementor-widget-container\">\n\t\t\t\t\t<h2 class=\"elementor-heading-title elementor-size-default\">\u015eartlar ve ko\u015fullar<\/h2>\t\t\t\t<\/div>\n\t\t\t\t<\/div>\n\t\t\t\t<div class=\"elementor-element elementor-element-76f76635 elementor-widget elementor-widget-text-editor\" data-id=\"76f76635\" data-element_type=\"widget\" data-widget_type=\"text-editor.default\">\n\t\t\t\t<div class=\"elementor-widget-container\">\n\t\t\t\t\t\t\t\t\t<p><b>1. GENEL \u015eARTLARIN VE KO\u015eULLARIN GE\u00c7ERL\u0130L\u0130\u011e\u0130<\/b><\/p><p><b>1.1. \u015eartlar<\/b><\/p><p>1.1.1. TrusteSIM Club web sitesi esimba.ai taraf\u0131ndan y\u00f6netilmekte ve i\u015fletilmekte olup, ba\u011flant\u0131 hizmetleri ayn\u0131 kurulu\u015f taraf\u0131ndan sa\u011flanmaktad\u0131r.<\/p><p>1.1.2. Zaman zaman de\u011fi\u015ftirilebilecek olan bu h\u00fck\u00fcm ve ko\u015fullar, TrusteSIM Club taraf\u0131ndan M\u00fc\u015fterilere sa\u011flanan \u00f6n \u00f6demeli eSIM profilleriyle ba\u011flant\u0131l\u0131 olarak sunulan t\u00fcm hizmetler i\u00e7in ge\u00e7erli olacakt\u0131r.<br \/>Web sitemize veya uygulamalar\u0131m\u0131zdan herhangi birine herhangi bir platform \u00fczerinden eri\u015ferek, bunlar\u0131 tarayarak ve kullanarak (bundan sonra topluca &quot;web sitesi&quot; olarak an\u0131lacakt\u0131r) ve\/veya bir sipari\u015fi tamamlayarak, a\u015fa\u011f\u0131da belirtilen h\u00fck\u00fcm ve ko\u015fullar\u0131 ve gizlilik bildirimini okudu\u011funuzu, anlad\u0131\u011f\u0131n\u0131z\u0131 ve kabul etti\u011finizi kabul ve beyan edersiniz.<\/p><p>1.1.3. \u00c7e\u015fitli i\u015f ortaklar\u0131 arac\u0131l\u0131\u011f\u0131yla sunulan \u00f6zel teklifler ek veya \u00e7e\u015fitli h\u00fck\u00fcm ve ko\u015fullar\u0131 i\u00e7erebilir. Bu gibi durumlarda, s\u00f6z konusu \u00f6zel h\u00fck\u00fcm ve ko\u015fullar ge\u00e7erli olacakt\u0131r.<\/p><p><b>1.2. Kay\u0131t ve Hesaplar<\/b><\/p><p>1.2.1. M\u00fc\u015fterinin TrusteSIM Club hizmetlerini kullanmak i\u00e7in bir hesap olu\u015fturmas\u0131 gerekebilir. M\u00fc\u015fteri, kay\u0131t s\u0131ras\u0131nda do\u011fru bilgi sa\u011flamay\u0131 kabul eder.<\/p><p>1.2.2. M\u00fc\u015fteriler, hesap bilgilerinin ve hesaplar\u0131 alt\u0131nda ger\u00e7ekle\u015fen t\u00fcm faaliyetlerin gizlili\u011fini korumaktan sorumludur.<\/p><p><b>1.3. Gizlilik<\/b><\/p><p>1.3.1. Gizlilik Politikam\u0131z, M\u00fc\u015fterinin ki\u015fisel bilgilerinin toplanmas\u0131n\u0131 ve kullan\u0131m\u0131n\u0131 d\u00fczenler. Hizmetlerimizi kullanarak M\u00fc\u015fteri, Gizlilik Politikam\u0131z\u0131 kabul eder.<\/p><p><b>1.4. Fesih ve Ask\u0131ya Alma<\/b><\/p><p>1.4.1. TrusteSIM Club, a\u011f \u00e7\u00f6kmesi veya bak\u0131m hizmetinin durdurulmas\u0131 nedeniyle ortaya \u00e7\u0131kan bir olay\u0131n meydana gelmesi nedeniyle hizmetlere eri\u015fimi herhangi bir zamanda bildirimde bulunmaks\u0131z\u0131n ask\u0131ya alma veya sonland\u0131rma hakk\u0131n\u0131 sakl\u0131 tutar.<\/p><p>1.4.2. TrusteSIM Club taraf\u0131ndan sa\u011flanan Hizmetleri kullan\u0131rken, M\u00fc\u015fteri herhangi bir k\u00f6t\u00fcye kullan\u0131m, yasa d\u0131\u015f\u0131 veya hileli eylemde bulunmamal\u0131 veya A\u011f&#039;\u0131 bozabilecek veya zarar verebilecek herhangi bir eylemde bulunmamal\u0131d\u0131r. M\u00fc\u015fteri bu y\u00fck\u00fcml\u00fcl\u00fc\u011f\u00fc ihlal etti\u011finde, Sky eSim M\u00fc\u015fterinin Hizmeti kullan\u0131m\u0131n\u0131 ask\u0131ya alabilir.<\/p><p>1.4.3. TrusteSIM Club taraf\u0131ndan sunulan t\u00fcm paketler yaln\u0131zca insan M\u00fc\u015fteriler taraf\u0131ndan kullan\u0131lmak \u00fczere tasarlanm\u0131\u015ft\u0131r. Bu paketler herhangi bir otomatik sistemde kullan\u0131lmamal\u0131d\u0131r. Otomatik sistemlerde veya insan olmayan varl\u0131klar taraf\u0131ndan kullan\u0131m talep edildi\u011fi durumlarda, M\u00fc\u015fteri M\u00fc\u015fteri Deste\u011fi ile ileti\u015fime ge\u00e7meli ve \u00f6zel paketler talep etmelidir. Bu kullan\u0131m k\u0131s\u0131tlamas\u0131n\u0131n herhangi bir \u015fekilde ihlal edilmesi, s\u00f6zle\u015fmenin feshedilmesine yol a\u00e7abilir.<\/p><p><b>1.5. \u0130ade ve \u0130ptal politikalar\u0131 ve y\u00f6nergeleri<\/b><\/p><p>1.5.1. M\u00fc\u015fteriler i\u00e7in her zaman geri \u00f6deme yap\u0131labilir. \u00c7o\u011fu sorun e-posta yoluyla \u00e7\u00f6z\u00fclebilir.<\/p><p>1.5.2. \u0130ade i\u015flendikten sonra, iadenin M\u00fc\u015fterinin \u00f6deme kart\u0131 ekstresinde g\u00f6r\u00fcnmesi 5-10 i\u015f g\u00fcn\u00fc s\u00fcrebilir (\u00f6deme kredi kart\u0131yla yap\u0131ld\u0131ysa). PayPal ile, iade yap\u0131ld\u0131ktan sonra birka\u00e7 dakika s\u00fcrer. \u0130adeler, sat\u0131n alma i\u015flemini yapmak i\u00e7in kullan\u0131lan ayn\u0131 \u00f6deme y\u00f6ntemine (yani kredi kart\u0131 veya PayPal) yap\u0131l\u0131r.<\/p><p>1.5.3. T\u00fcm iadeler (kripto \u00f6demeleri hari\u00e7) bir \u00fcr\u00fcn\u00fc sa\u011flamak ve ard\u0131ndan iptal edip iade yapmak i\u00e7in gereken kredi kart\u0131 ve di\u011fer \u00f6deme sistemi \u00fccretleri ve i\u015fleme kaynaklar\u0131 nedeniyle 10% \u00fccretine tabidir.<\/p><p>1.5.4. Sky eSim, M\u00fc\u015fterinin kazara yapt\u0131\u011f\u0131 sat\u0131n al\u0131mlar i\u00e7in \u00f6dedi\u011fi tutara e\u015fit miktarda veri sunabilir.<\/p><p>1.5.5. Yeniden dolumlar iade edilmez.<\/p><p>1.5.6. Sky eSim, hizmetleri herhangi bir zamanda sonland\u0131rma hakk\u0131n\u0131 sakl\u0131 tutar. Bu gibi durumlarda, geri \u00f6deme yap\u0131lmayacakt\u0131r.<\/p><p>1.5.7. Kripto \u00f6demeleri iade edilmez.<\/p><p>1.5.8. Kripto \u00f6demeleri i\u00e7in desteklenen a\u011flar: Ethereum, Tron, BNB Smart Chain, Avalanche C-Chain, Solana, Polygon, Arbitrum One.<\/p><p>1.5.9. Desteklenen kripto paralar: &#039;USDT (TRC20)&#039;, &#039;BTC&#039;, &#039;DAI&#039;, &#039;AXS (ERC20)&#039;, &#039;DASH&#039;, &#039;DOGE&#039;, &#039;ETH&#039;, &#039;LTC&#039;, &#039;TUSD (ERC20)&#039;, &#039;USDC (ERC20)&#039;, &#039;USDT (ERC20)&#039;, &#039;XRP&#039;, &#039;TRX&#039;, &#039;AXS (TRC20)&#039;, &#039;HT (TRC20)&#039;, &#039;ETH (TRC20)&#039;, &#039;ETH (BEP20)&#039;, &#039;DAI (BEP20)&#039;, &#039;USDT (BEP20)&#039;, &#039;DESU (BEP20)&#039;, &#039;ADA (BEP20)&#039;, &#039;USDC (BEP20)&#039;, &#039;BTCB (BEP20)&#039;, &#039;CSC&#039;. Her kripto para birimi i\u00e7in \u00f6demelerde asgari bir limit bulundu\u011funu l\u00fctfen unutmay\u0131n.<\/p><p><b>2. ORTAKLIK PROGRAMI<\/b><\/p><p>2.1. TrusteSIM Club Ortakl\u0131k Program\u0131na kat\u0131larak, Ortakl\u0131k Orta\u011f\u0131, kullan\u0131c\u0131lar\u0131na benzersiz ortakl\u0131k ba\u011flant\u0131s\u0131 arac\u0131l\u0131\u011f\u0131yla TrusteSIM ClubeSIM \u00fcr\u00fcnlerini \u00f6nerecektir.<\/p><p>2.2. Sat\u0131\u015flar\u0131 takip etmek ve komisyonlar\u0131 buna g\u00f6re tahsis etmek i\u00e7in benzersiz ortakl\u0131k ba\u011flant\u0131s\u0131 kullan\u0131lmal\u0131d\u0131r.<\/p><p>2.3. Ortak Ortak, ortakl\u0131k ba\u011flant\u0131s\u0131 kullan\u0131larak yap\u0131lan sat\u0131n al\u0131mlardan elde edilen net gelirden komisyon kazanacakt\u0131r. Ortaklar, \u00f6deme yap\u0131lmadan \u00f6nce en az 25 ABD dolar\u0131 komisyon biriktirmelidir. Komisyon bakiyesi 25 ABD dolar\u0131n\u0131n alt\u0131ndaysa, tutar sonraki aya devredilecektir.<\/p><p>2.4. Komisyonlar her ay\u0131n ilk haftas\u0131nda Banka havalesi, Kripto C\u00fczdan, Kredi kart\u0131 ba\u011flant\u0131s\u0131 veya Paypal yoluyla \u00f6denir.<\/p><p>2.5. eSIM \u00fcr\u00fcnleri sat\u0131n alan veya eSIM \u00fcr\u00fcnlerini dolduran kullan\u0131c\u0131lar \u00f6deme s\u0131ras\u0131nda indirim kazanacakt\u0131r.<\/p><p>2.6. Sky eSim, Ortakl\u0131k Program\u0131n\u0131n \u015fartlar\u0131n\u0131 ve ko\u015fullar\u0131n\u0131 herhangi bir zamanda de\u011fi\u015ftirme hakk\u0131n\u0131 sakl\u0131 tutar. Bu t\u00fcr de\u011fi\u015fiklikler, uygulanmalar\u0131ndan en az be\u015f g\u00fcn \u00f6nce Ortak Orta\u011fa yaz\u0131l\u0131 olarak bildirilecektir.<\/p><p>2.7. Sky eSim, a\u015fa\u011f\u0131daki ko\u015fullar alt\u0131nda Ortak Orta\u011f\u0131n Ortakl\u0131k Program\u0131na kat\u0131l\u0131m\u0131n\u0131 sonland\u0131rma hakk\u0131n\u0131 sakl\u0131 tutar:<br \/>\u2013 Ortakl\u0131k Orta\u011f\u0131 bu S\u00f6zle\u015fmenin herhangi bir maddesini ihlal ederse.<br \/>\u2013 Ortak, TrusteSIM Club&#039;\u0131n markas\u0131na veya i\u015fine zarar verecek herhangi bir faaliyette bulunursa.<\/p><p>2.8. TrusteSIM Club Ortakl\u0131k Program\u0131na kat\u0131lmaya ba\u015flamak i\u00e7in Ortak, Ortakl\u0131k Portal\u0131 arac\u0131l\u0131\u011f\u0131yla kat\u0131l\u0131m davetini kabul etmelidir.<\/p><p>2.9. Ortak, ortakl\u0131k ba\u011flant\u0131s\u0131 \u00fczerinden yapt\u0131\u011f\u0131 ilk \u00fcr\u00fcn sat\u0131n al\u0131m\u0131nda TrusteSIM Club&#039;dan bir e-posta bildirimi alacakt\u0131r.<\/p><p>2.10. Ortak, TrusteSIM Club taraf\u0131ndan sa\u011flanan \u00e7evrimi\u00e7i g\u00fcnl\u00fck raporlar\u0131 kullanarak komisyonlar\u0131n\u0131 istedi\u011fi zaman takip edebilir.<\/p><p>2.11. TrusteSIM Club, Ortakl\u0131k Orta\u011f\u0131n\u0131n kullanmas\u0131 i\u00e7in bir API&#039;ye eri\u015fim sa\u011flar.<\/p><p>2.12. Ortak, Sky eSim&#039;in y\u00f6nergeleri ve politikalar\u0131na uygun olarak sa\u011flanan ara\u00e7lar\u0131 ve kaynaklar\u0131 kullanmay\u0131 kabul eder. Ortak Ara\u00e7 \u00c7ubu\u011fu, raporlar veya API&#039;nin k\u00f6t\u00fcye kullan\u0131lmas\u0131 veya yetkisiz kullan\u0131m\u0131, ortakl\u0131k s\u00f6zle\u015fmesinin feshedilmesiyle sonu\u00e7lanabilir.<\/p><p>2.13. TrusteSIM Club, Ortak Orta\u011f\u0131n Ortak Ara\u00e7 \u00c7ubu\u011funu etkili bir \u015fekilde kullanmas\u0131na, raporlara eri\u015fmesine ve API&#039;yi entegre etmesine yard\u0131mc\u0131 olmak i\u00e7in gerekli teknik destek ve yard\u0131m\u0131 sa\u011flayacakt\u0131r.<\/p><p><b>3. Y\u00d6NLEND\u0130RME PROGRAMI<\/b><\/p><p>3.1. TrusteSIM Club Y\u00f6nlendirme Program\u0131na kat\u0131larak, Ortak (bundan b\u00f6yle \u201cAvukat\u201d olarak an\u0131lacakt\u0131r), Avukat\u0131n benzersiz y\u00f6nlendirme ba\u011flant\u0131s\u0131n\u0131 kullanarak ilk TrusteSIM Club \u00fcr\u00fcn\u00fcn\u00fc sat\u0131n alan her ki\u015fi i\u00e7in \u00fccretsiz veri kazanabilir.<\/p><p>3.2. Savunucu, benzersiz y\u00f6nlendirme ba\u011flant\u0131s\u0131n\u0131 e-posta, sosyal medya, forumlar veya di\u011fer kanallar arac\u0131l\u0131\u011f\u0131yla olu\u015fturmal\u0131 ve payla\u015fmal\u0131d\u0131r. Y\u00f6nlendirme ba\u011flant\u0131s\u0131, y\u00f6nlendirilen arkada\u015f taraf\u0131ndan sat\u0131n almak i\u00e7in kullan\u0131lmal\u0131d\u0131r<br \/>eSIM.<\/p><p>3.3. Savunuculara \u00d6d\u00fcller:<br \/>a. \u00dccretsiz Veri Kuponu: Savunucu, eSIM hatt\u0131na uygulanabilecek, \u00f6m\u00fcr boyu ge\u00e7erli* 1 GB \u00fccretsiz veri kuponu alacakt\u0131r.<br \/>b. Ko\u015fullar: 1 GB veri \u00f6d\u00fcl\u00fc, referans ba\u011flant\u0131s\u0131n\u0131 kullanarak eSIM sat\u0131n alan bir arkada\u015f\u0131n\u0131za sa\u011flan\u0131r**.<br \/>c. Kupon Ge\u00e7erlili\u011fi: Veri kuponu, eSIM&#039;in y\u0131lda en az bir kez doldurulmas\u0131 ko\u015fuluyla \u00f6m\u00fcr boyu ge\u00e7erlidir.<\/p><p>3.4. Tavsiye Edilen Arkada\u015flar \u0130\u00e7in \u00d6d\u00fcller:<br \/>a. Veri Kuponu: Tavsiye edilen arkada\u015f\u0131n\u0131z, eSIM&#039;i i\u00e7in 1 GB \u00fccretsiz veri kuponu alacakt\u0131r.<br \/>b. Kupon K\u0131s\u0131tlamalar\u0131: Y\u00f6nlendirme kuponu ba\u015fka kuponlar veya indirimlerle birle\u015ftirilemez. Bir sat\u0131n alma i\u015flemine yaln\u0131zca bir kupon (y\u00f6nlendirme veya aktivasyon) uygulanabilir.<\/p><p>3.5. Tavsiye \u00d6d\u00fcl\u00fcn\u00fcn Ko\u015fullar\u0131:<br \/>a. Minimum Sat\u0131n Alma: Tavsiye edilen arkada\u015f, tavsiye ba\u011flant\u0131s\u0131n\u0131 kullanarak en az 1 GB data i\u00e7eren yeni bir hat sat\u0131n almal\u0131d\u0131r.<br \/>b. \u00d6d\u00fcl Verilmesi: \u00d6d\u00fcl, ba\u015far\u0131l\u0131 bir sat\u0131n alma i\u015fleminden sonraki 6 saat i\u00e7inde olu\u015fturulacak ve 7 g\u00fcn i\u00e7inde e-posta yoluyla g\u00f6nderilecektir. Savunucu, &quot;TrusteSIM Club&quot; anahtar s\u00f6zc\u00fc\u011f\u00fcn\u00fc kullanarak gelen kutusunu kontrol etmelidir.<br \/>kendilerine bildirim maili ula\u015fmamaktad\u0131r.<\/p><p>3.6. Herhangi bir sorun veya daha fazla yard\u0131m i\u00e7in Avukat ve y\u00f6nlendirilen arkada\u015f TrusteSIM Club deste\u011fiyle ileti\u015fime ge\u00e7ebilir.<\/p><p>3.7. Savunucu, TrusteSIM Kul\u00fcb\u00fc Y\u00f6nlendirme Program\u0131n\u0131n h\u00fck\u00fcm ve ko\u015fullar\u0131na uymay\u0131 kabul eder. Bu h\u00fck\u00fcmlerin k\u00f6t\u00fcye kullan\u0131lmas\u0131 veya ihlali, programdan diskalifiye edilme ve \u00f6d\u00fcllerin kaybedilmesiyle sonu\u00e7lanabilir.<\/p><p>3.8. TrusteSIM Club, Y\u00f6nlendirme Program\u0131n\u0131n \u015fartlar\u0131n\u0131 ve ko\u015fullar\u0131n\u0131 istedi\u011fi zaman de\u011fi\u015ftirme hakk\u0131n\u0131 sakl\u0131 tutar. Bu t\u00fcr de\u011fi\u015fiklikler, uygulanmalar\u0131ndan en az 5 g\u00fcn \u00f6nce Avukata yaz\u0131l\u0131 olarak bildirilecektir.<\/p><p><b>4. SORUMLULUK REDD\u0130<\/b><\/p><p>4.1. TrusteSIM Club web sitesindeki materyaller &quot;oldu\u011fu gibi&quot; sa\u011flan\u0131r. TrusteSIM Club, a\u00e7\u0131k veya z\u0131mni hi\u00e7bir garanti vermez ve burada, pazarlanabilirlik, belirli bir amaca uygunluk veya fikri m\u00fclkiyetin ihlal edilmemesi veya di\u011fer hak ihlalleri dahil ancak bunlarla s\u0131n\u0131rl\u0131 olmamak \u00fczere, z\u0131mni garantiler veya ko\u015fullar dahil olmak \u00fczere di\u011fer t\u00fcm garantileri reddeder ve ge\u00e7ersiz k\u0131lar. Ayr\u0131ca, TrusteSIM Club, web sitesinde veya bu materyallerle veya bu siteye ba\u011fl\u0131 herhangi bir siteyle ilgili olarak materyallerin kullan\u0131m\u0131n\u0131n do\u011frulu\u011fu, olas\u0131 sonu\u00e7lar\u0131 veya g\u00fcvenilirli\u011fi konusunda hi\u00e7bir garanti vermez veya beyanda bulunmaz.<\/p><p>4.2. \u00dclkelerdeki a\u011f operat\u00f6rleri TrusteSIM Club taraf\u0131ndan \u00f6nceden haber verilmeksizin de\u011fi\u015ftirilebilir.<\/p><p><b>5. SINIRLAMALAR<\/b><\/p><p>5.1. TrusteSIM Club veya tedarik\u00e7ileri hi\u00e7bir durumda TrusteSIM Club \u0130nternet sitesinde yer alan materyallerin kullan\u0131m\u0131ndan veya kullan\u0131lamamas\u0131ndan kaynaklanan (veri veya kar kayb\u0131 veya i\u015f kesintisi nedeniyle olu\u015fan zararlar dahil ancak bunlarla s\u0131n\u0131rl\u0131 olmamak \u00fczere) hi\u00e7bir zarardan sorumlu tutulamaz; TrusteSIM Club&#039;a s\u00f6z konusu zarar olas\u0131l\u0131\u011f\u0131 s\u00f6zl\u00fc veya yaz\u0131l\u0131 olarak bildirilmi\u015f olsa bile.<\/p><p><b>6. D\u00dcZELTMELER VE HATALAR<\/b><\/p><p>6.1. TrusteSIM Club web sitesinde g\u00f6r\u00fcnen materyaller teknik, tipografik veya foto\u011frafik hatalar i\u00e7erebilir. TrusteSIM Club, web sitesindeki materyallerin hi\u00e7birinin do\u011fru, eksiksiz veya g\u00fcncel oldu\u011funu garanti etmez. TrusteSIM Club, web sitesinde yer alan materyallerde herhangi bir zamanda bildirimde bulunmaks\u0131z\u0131n de\u011fi\u015fiklik yapabilir. Ancak TrusteSIM Club, materyalleri g\u00fcncelleme konusunda herhangi bir taahh\u00fctte bulunmaz.<\/p><p><b>7. BA\u011eLANTILAR<\/b><\/p><p>7.1. TrusteSIM Club, \u0130nternet sitesine ba\u011fl\u0131 t\u00fcm siteleri incelememi\u015ftir ve bu t\u00fcr ba\u011fl\u0131 sitelerin i\u00e7eriklerinden sorumlu de\u011fildir. Herhangi bir ba\u011flant\u0131n\u0131n dahil edilmesi, TrusteSIM Club taraf\u0131ndan sitenin onayland\u0131\u011f\u0131 anlam\u0131na gelmez. Bu t\u00fcr ba\u011fl\u0131 web sitelerinin kullan\u0131m\u0131 kullan\u0131c\u0131n\u0131n kendi riski alt\u0131ndad\u0131r.<\/p><p><b>8. UYGULANACAK HUKUK VE YARGI YETK\u0130S\u0130<\/b><\/p><p>8.1. Bu \u015eartlar, ABD, Delaware Eyaletinin yasalar\u0131na uygun olarak yorumlanacakt\u0131r. Taraflar\u0131n anla\u015fmazl\u0131klar\u0131 m\u00fczakereler yoluyla dostane bir \u015fekilde \u00e7\u00f6zememesi durumunda, bu t\u00fcr anla\u015fmazl\u0131klar, Stockholm Ticaret Odas\u0131 Tahkim Enstit\u00fcs\u00fcn\u00fcn Tahkim Kurallar\u0131na uygun olarak ABD, Delaware Eyaletinde tahkim yoluyla kesin olarak \u00e7\u00f6z\u00fclecektir.<\/p><p><b>9. S\u0130TE KULLANIM \u015eARTLARINDA DE\u011e\u0130\u015e\u0130KL\u0130KLER<\/b><\/p><p>9.1. TrusteSIM Club, web sitesi i\u00e7in bu kullan\u0131m ko\u015fullar\u0131n\u0131 herhangi bir zamanda bildirimde bulunmaks\u0131z\u0131n revize edebilir. Bu web sitesini kullanarak, bu Kullan\u0131m Ko\u015fullar\u0131 ve \u015eartlar\u0131&#039;n\u0131n o zamanki g\u00fcncel s\u00fcr\u00fcm\u00fcne ba\u011fl\u0131 kalmay\u0131 kabul edersiniz.<\/p><p>Son G\u00fcncelleme: 22.05.2025<\/p>\t\t\t\t\t\t\t\t<\/div>\n\t\t\t\t<\/div>\n\t\t\t\t\t<\/div>\n\t\t\t\t<\/div>\n\t\t\t\t<\/div>","protected":false},"excerpt":{"rendered":"<p>Terms and conditions 1. VALIDITY OF GENERAL TERMS AND CONDITIONS 1.1. Terms 1.1.1. The TrusteSIM Club website is managed and operated by esimba.ai, with connectivity services being supplied by the same entity. 1.1.2. These terms and conditions, as may be amended from time to time, shall apply to all services rendered by TrusteSIM Club in [&hellip;]<\/p>","protected":false},"author":1,"featured_media":0,"parent":0,"menu_order":0,"comment_status":"closed","ping_status":"closed","template":"","meta":{"om_disable_all_campaigns":false,"_monsterinsights_skip_tracking":false,"_monsterinsights_sitenote_active":false,"_monsterinsights_sitenote_note":"","_monsterinsights_sitenote_category":0,"footnotes":""},"class_list":["post-84","page","type-page","status-publish","hentry"],"aioseo_notices":[],"_links":{"self":[{"href":"https:\/\/trustesimclub.com\/tr\/wp-json\/wp\/v2\/pages\/84","targetHints":{"allow":["GET"]}}],"collection":[{"href":"https:\/\/trustesimclub.com\/tr\/wp-json\/wp\/v2\/pages"}],"about":[{"href":"https:\/\/trustesimclub.com\/tr\/wp-json\/wp\/v2\/types\/page"}],"author":[{"embeddable":true,"href":"https:\/\/trustesimclub.com\/tr\/wp-json\/wp\/v2\/users\/1"}],"replies":[{"embeddable":true,"href":"https:\/\/trustesimclub.com\/tr\/wp-json\/wp\/v2\/comments?post=84"}],"version-history":[{"count":16,"href":"https:\/\/trustesimclub.com\/tr\/wp-json\/wp\/v2\/pages\/84\/revisions"}],"predecessor-version":[{"id":650,"href":"https:\/\/trustesimclub.com\/tr\/wp-json\/wp\/v2\/pages\/84\/revisions\/650"}],"wp:attachment":[{"href":"https:\/\/trustesimclub.com\/tr\/wp-json\/wp\/v2\/media?parent=84"}],"curies":[{"name":"wp","href":"https:\/\/api.w.org\/{rel}","templated":true}]}}